{"id":30,"date":"2015-05-07T18:05:50","date_gmt":"2015-05-07T18:05:50","guid":{"rendered":"http:\/\/smt.wsihosts.com\/?page_id=30"},"modified":"2016-01-08T19:21:20","modified_gmt":"2016-01-08T19:21:20","slug":"temoignages","status":"publish","type":"page","link":"https:\/\/www.smt-assy.com\/fr\/a-propos\/temoignages\/","title":{"rendered":"T\u00c9MOIGNAGES"},"content":{"rendered":"<div class=\"wpb-content-wrapper\">[vc_row full_width=\u00a0\u00bb\u00a0\u00bb parallax=\u00a0\u00bb\u00a0\u00bb parallax_image=\u00a0\u00bb\u00a0\u00bb visibility=\u00a0\u00bb\u00a0\u00bb css_animation=\u00a0\u00bb\u00a0\u00bb center_row=\u00a0\u00bb\u00a0\u00bb typography_style=\u00a0\u00bb\u00a0\u00bb column_spacing=\u00a0\u00bb\u00a0\u00bb tablet_fullwidth_cols=\u00a0\u00bb\u00a0\u00bb bg_style=\u00a0\u00bb\u00a0\u00bb parallax_mobile=\u00a0\u00bb\u00a0\u00bb parallax_style=\u00a0\u00bb\u00a0\u00bb parallax_direction=\u00a0\u00bb\u00a0\u00bb video_bg=\u00a0\u00bb\u00a0\u00bb video_bg_overlay=\u00a0\u00bb\u00a0\u00bb border_style=\u00a0\u00bb\u00a0\u00bb margin_right=\u00a0\u00bb-2px\u00a0\u00bb][vc_column width=\u00a0\u00bb3\/4&Prime; style=\u00a0\u00bb\u00a0\u00bb visibility=\u00a0\u00bb\u00a0\u00bb css_animation=\u00a0\u00bb\u00a0\u00bb typo_style=\u00a0\u00bb\u00a0\u00bb drop_shadow=\u00a0\u00bb\u00a0\u00bb bg_style=\u00a0\u00bb\u00a0\u00bb border_style=\u00a0\u00bb\u00a0\u00bb][vc_column_text]\n<h1>T\u00e9moignages<\/h1>\n<p>SMT-ASSY est une entreprise de sous-traitance qu\u00e9b\u00e9coise avec laquelle il fait bon faire des affaires. Comme client, j\u2019ai \u00e9t\u00e9 ravi de l\u2019esprit de coop\u00e9ration et de la qualit\u00e9 des services de SMT-ASSY. Ils sont \u00e9galement tr\u00e8s concurrentiels au niveau des prix. SMT-ASSY r\u00e9pond rapidement aux changements de sp\u00e9cifications d\u00e8s qu&rsquo;ils en sont notifi\u00e9s. Nous avons eu un cas o\u00f9 il fallait arr\u00eater un projet qui \u00e9tait pr\u00eat pour la production car il fallait apporter un changement de derni\u00e8re minute; SMT-ASSY su s\u2019adapter \u00e0 ce contretemps en modifiant son calendrier de production en fonction de notre situation avant qu\u2019il ne soit trop tard. Je recommanderais SMT-ASSY \u00e0 toute entreprise recherchant un sous-traitant en assemblage \u00e9lectronique.<br \/>\n<strong>&#8211; Ing\u00e9nieur des proc\u00e9d\u00e9s, Connecticut<\/strong><\/p>\n<p>Je travaille avec SMT-ASSY maintenant depuis 2002. Ils nous ont permis de mener des projets \u00e0 bien de fa\u00e7on \u00e9conomique et en temps opportun. La principale raison pour laquelle nous continuerons \u00e0 faire affaires avec SMT-ASSY est que lorsque nous avons absolument besoin d&rsquo;une production rapide afin de respecter un \u00e9ch\u00e9ancier de production tr\u00e8s serr\u00e9, SMT-ASSY r\u00e9agit imm\u00e9diatement et adapte ses d\u00e9lais de production en cons\u00e9quence. Ils sont incroyables.<br \/>\n<strong>&#8211; Ing\u00e9nieur concepteur, Vermont<\/strong><\/p>\n<p>J\u2019aime le fait que SMT-ASSY n\u2019h\u00e9site pas \u00e0 communiquer avec nous pour nous tenir \u00e0 jour de l\u2019\u00e9tat d\u2019avancement des projets. En effet, l\u2019entreprise nous envoie des commentaires et des suggestions concernant la conception de nos cartes de circuits ou nos proc\u00e9dures d\u2019essai. Ces rapports nous permettent de revoir nos processus en place et d\u2019apporter les changements jug\u00e9s n\u00e9cessaires. Ce type d&rsquo;engagement du fournisseur va au-del\u00e0 du service de fabrication et d\u2019essais de cartes de circuits. L&rsquo;\u00e9quipe SMT-ASSY est vraiment formidable, et les employ\u00e9s de notre compagnie aiment travailler avec eux.<br \/>\n<strong>&#8211; Assurance de la qualit\u00e9, Massachusetts<\/strong><\/p>\n<p>Nous travaillons avec SMT-ASSY depuis maintenant plus d&rsquo;une d\u00e9cennie, et quelques-unes des raisons pour lesquelles nous continuons \u00e0 collaborer avec SMT-ASSY sont : la qualit\u00e9 et l&rsquo;engagement envers nos produits; SMT-ASSY fonctionne comme une grande compagnie, mais offre la souplesse d&rsquo;une petite entreprise; ils sont comp\u00e9titifs lorsque vient le temps de la soumission. Toujours proactifs, ils s\u2019approvisionnent de fa\u00e7on strat\u00e9gique afin de pr\u00e9munir notre soci\u00e9t\u00e9 contre les longs d\u00e9lais de livraison; et finalement ce qui fait la diff\u00e9rence chez SMT-ASSY ce sont les gens.<br \/>\n<strong>&#8211; Gestionnaire en approvisionnement strat\u00e9gique, Massachusetts <\/strong>[\/vc_column_text][vc_empty_space height=\u00a0\u00bb12px\u00a0\u00bb][vc_cta h2=\u00a0\u00bbSMT-ASSY couvre la r\u00e9gion de la Nouvelle-Angleterre, de l\u2019Ontario et du Qu\u00e9bec. \u00a0\u00bb h2_google_fonts=\u00a0\u00bbfont_family:Abril%20Fatface%3Aregular|font_style:400%20regular%3A400%3Anormal\u00a0\u00bb h4_google_fonts=\u00a0\u00bbfont_family:Abril%20Fatface%3Aregular|font_style:400%20regular%3A400%3Anormal\u00a0\u00bb txt_align=\u00a0\u00bbcenter\u00a0\u00bb shape=\u00a0\u00bbrounded\u00a0\u00bb style=\u00a0\u00bbclassic\u00a0\u00bb color=\u00a0\u00bborange\u00a0\u00bb btn_title=\u00a0\u00bbText on the button\u00a0\u00bb btn_style=\u00a0\u00bbmodern\u00a0\u00bb btn_shape=\u00a0\u00bbrounded\u00a0\u00bb btn_color=\u00a0\u00bbgrey\u00a0\u00bb btn_size=\u00a0\u00bbmd\u00a0\u00bb btn_align=\u00a0\u00bbinline\u00a0\u00bb btn_i_align=\u00a0\u00bbleft\u00a0\u00bb btn_i_type=\u00a0\u00bbfontawesome\u00a0\u00bb btn_i_icon_fontawesome=\u00a0\u00bbfa fa-adjust\u00a0\u00bb btn_i_icon_openiconic=\u00a0\u00bbvc-oi vc-oi-dial\u00a0\u00bb btn_i_icon_typicons=\u00a0\u00bbtypcn typcn-adjust-brightness\u00a0\u00bb btn_i_icon_entypo=\u00a0\u00bbentypo-icon entypo-icon-note\u00a0\u00bb btn_i_icon_linecons=\u00a0\u00bbvc_li vc_li-heart\u00a0\u00bb i_type=\u00a0\u00bbfontawesome\u00a0\u00bb i_icon_fontawesome=\u00a0\u00bbfa fa-adjust\u00a0\u00bb i_icon_openiconic=\u00a0\u00bbvc-oi vc-oi-dial\u00a0\u00bb i_icon_typicons=\u00a0\u00bbtypcn typcn-adjust-brightness\u00a0\u00bb i_icon_entypo=\u00a0\u00bbentypo-icon entypo-icon-note\u00a0\u00bb i_icon_linecons=\u00a0\u00bbvc_li vc_li-heart\u00a0\u00bb i_color=\u00a0\u00bbblue\u00a0\u00bb i_background_color=\u00a0\u00bbgrey\u00a0\u00bb i_size=\u00a0\u00bbmd\u00a0\u00bb css_animation=\u00a0\u00bbtop-to-bottom\u00a0\u00bb use_custom_fonts_h2=\u00a0\u00bb\u00a0\u00bb use_custom_fonts_h4=\u00a0\u00bb\u00a0\u00bb btn_button_block=\u00a0\u00bb\u00a0\u00bb btn_add_icon=\u00a0\u00bb\u00a0\u00bb btn_i_icon_pixelicons=\u00a0\u00bbvc_pixel_icon vc_pixel_icon-alert\u00a0\u00bb i_on_border=\u00a0\u00bb\u00a0\u00bb]Nous sommes fiers de pouvoir parler avec vous non seulement par t\u00e9l\u00e9phone mais aussi en personne, peu importe o\u00f9 vous vous trouvez. Demandez-nous par <a href=\"\/fr\/contactez-nous\/\">courriel<\/a> d\u2019organiser une visite \u00e0 vos bureaux.[\/vc_cta][\/vc_column][vc_column width=\u00a0\u00bb1\/4&Prime; style=\u00a0\u00bb\u00a0\u00bb visibility=\u00a0\u00bb\u00a0\u00bb css_animation=\u00a0\u00bb\u00a0\u00bb typo_style=\u00a0\u00bb\u00a0\u00bb drop_shadow=\u00a0\u00bb\u00a0\u00bb bg_style=\u00a0\u00bb\u00a0\u00bb border_style=\u00a0\u00bb\u00a0\u00bb][vc_widget_sidebar sidebar_id=\u00a0\u00bbleftbar\u00a0\u00bb][\/vc_column][\/vc_row]\n<\/div>","protected":false},"excerpt":{"rendered":"<p>[vc_row full_width=\u00a0\u00bb\u00a0\u00bb parallax=\u00a0\u00bb\u00a0\u00bb parallax_image=\u00a0\u00bb\u00a0\u00bb visibility=\u00a0\u00bb\u00a0\u00bb css_animation=\u00a0\u00bb\u00a0\u00bb center_row=\u00a0\u00bb\u00a0\u00bb typography_style=\u00a0\u00bb\u00a0\u00bb column_spacing=\u00a0\u00bb\u00a0\u00bb tablet_fullwidth_cols=\u00a0\u00bb\u00a0\u00bb bg_style=\u00a0\u00bb\u00a0\u00bb parallax_mobile=\u00a0\u00bb\u00a0\u00bb parallax_style=\u00a0\u00bb\u00a0\u00bb parallax_direction=\u00a0\u00bb\u00a0\u00bb video_bg=\u00a0\u00bb\u00a0\u00bb video_bg_overlay=\u00a0\u00bb\u00a0\u00bb border_style=\u00a0\u00bb\u00a0\u00bb margin_right=\u00a0\u00bb-2px\u00a0\u00bb][vc_column width=\u00a0\u00bb3\/4&Prime; style=\u00a0\u00bb\u00a0\u00bb visibility=\u00a0\u00bb\u00a0\u00bb css_animation=\u00a0\u00bb\u00a0\u00bb typo_style=\u00a0\u00bb\u00a0\u00bb drop_shadow=\u00a0\u00bb\u00a0\u00bb bg_style=\u00a0\u00bb\u00a0\u00bb border_style=\u00a0\u00bb\u00a0\u00bb][vc_column_text] T\u00e9moignages SMT-ASSY est une entreprise de sous-traitance qu\u00e9b\u00e9coise avec laquelle il fait bon faire&hellip;<\/p>\n","protected":false},"author":1,"featured_media":0,"parent":18,"menu_order":0,"comment_status":"closed","ping_status":"closed","template":"","meta":{"footnotes":""},"class_list":["post-30","page","type-page","status-publish","hentry"],"yoast_head":"<!-- This site is optimized with the Yoast SEO plugin v27.3 - https:\/\/yoast.com\/product\/yoast-seo-wordpress\/ -->\n<title>T\u00c9MOIGNAGES - SMT-ASSY<\/title>\n<meta name=\"description\" content=\"T\u00e9moignages SMT-ASSY est une entreprise de sous-traitance qu\u00e9b\u00e9coise avec laquelle il fait bon faire des affaires. Comme client, j\u2019ai \u00e9t\u00e9 ravi de l\u2019esprit\" \/>\n<meta name=\"robots\" content=\"index, follow, max-snippet:-1, max-image-preview:large, max-video-preview:-1\" \/>\n<link rel=\"canonical\" href=\"https:\/\/www.smt-assy.com\/fr\/a-propos\/temoignages\/\" \/>\n<meta property=\"og:locale\" content=\"fr_FR\" \/>\n<meta property=\"og:type\" content=\"article\" \/>\n<meta property=\"og:title\" content=\"T\u00c9MOIGNAGES - SMT-ASSY\" \/>\n<meta property=\"og:description\" content=\"T\u00e9moignages SMT-ASSY est une entreprise de sous-traitance qu\u00e9b\u00e9coise avec laquelle il fait bon faire des affaires. Comme client, j\u2019ai \u00e9t\u00e9 ravi de l\u2019esprit\" \/>\n<meta property=\"og:url\" content=\"https:\/\/www.smt-assy.com\/fr\/a-propos\/temoignages\/\" \/>\n<meta property=\"og:site_name\" content=\"SMT-ASSY\" \/>\n<meta property=\"article:modified_time\" content=\"2016-01-08T19:21:20+00:00\" \/>\n<meta name=\"twitter:card\" content=\"summary_large_image\" \/>\n<meta name=\"twitter:label1\" content=\"Dur\u00e9e de lecture estim\u00e9e\" \/>\n\t<meta name=\"twitter:data1\" content=\"4 minutes\" \/>\n<script type=\"application\/ld+json\" class=\"yoast-schema-graph\">{\"@context\":\"https:\\\/\\\/schema.org\",\"@graph\":[{\"@type\":\"WebPage\",\"@id\":\"https:\\\/\\\/www.smt-assy.com\\\/fr\\\/a-propos\\\/temoignages\\\/\",\"url\":\"https:\\\/\\\/www.smt-assy.com\\\/fr\\\/a-propos\\\/temoignages\\\/\",\"name\":\"T\u00c9MOIGNAGES - SMT-ASSY\",\"isPartOf\":{\"@id\":\"https:\\\/\\\/www.smt-assy.com\\\/#website\"},\"datePublished\":\"2015-05-07T18:05:50+00:00\",\"dateModified\":\"2016-01-08T19:21:20+00:00\",\"description\":\"T\u00e9moignages SMT-ASSY est une entreprise de sous-traitance qu\u00e9b\u00e9coise avec laquelle il fait bon faire des affaires. Comme client, j\u2019ai \u00e9t\u00e9 ravi de l\u2019esprit\",\"breadcrumb\":{\"@id\":\"https:\\\/\\\/www.smt-assy.com\\\/fr\\\/a-propos\\\/temoignages\\\/#breadcrumb\"},\"inLanguage\":\"fr-FR\",\"potentialAction\":[{\"@type\":\"ReadAction\",\"target\":[\"https:\\\/\\\/www.smt-assy.com\\\/fr\\\/a-propos\\\/temoignages\\\/\"]}]},{\"@type\":\"BreadcrumbList\",\"@id\":\"https:\\\/\\\/www.smt-assy.com\\\/fr\\\/a-propos\\\/temoignages\\\/#breadcrumb\",\"itemListElement\":[{\"@type\":\"ListItem\",\"position\":1,\"name\":\"Home\",\"item\":\"https:\\\/\\\/www.smt-assy.com\\\/fr\\\/\"},{\"@type\":\"ListItem\",\"position\":2,\"name\":\"\u00c0 PROPOS\",\"item\":\"https:\\\/\\\/www.smt-assy.com\\\/fr\\\/a-propos\\\/\"},{\"@type\":\"ListItem\",\"position\":3,\"name\":\"T\u00c9MOIGNAGES\"}]},{\"@type\":\"WebSite\",\"@id\":\"https:\\\/\\\/www.smt-assy.com\\\/#website\",\"url\":\"https:\\\/\\\/www.smt-assy.com\\\/\",\"name\":\"SMT-ASSY\",\"description\":\"From Idea to Product\",\"potentialAction\":[{\"@type\":\"SearchAction\",\"target\":{\"@type\":\"EntryPoint\",\"urlTemplate\":\"https:\\\/\\\/www.smt-assy.com\\\/?s={search_term_string}\"},\"query-input\":{\"@type\":\"PropertyValueSpecification\",\"valueRequired\":true,\"valueName\":\"search_term_string\"}}],\"inLanguage\":\"fr-FR\"}]}<\/script>\n<!-- \/ Yoast SEO plugin. -->","yoast_head_json":{"title":"T\u00c9MOIGNAGES - SMT-ASSY","description":"T\u00e9moignages SMT-ASSY est une entreprise de sous-traitance qu\u00e9b\u00e9coise avec laquelle il fait bon faire des affaires. Comme client, j\u2019ai \u00e9t\u00e9 ravi de l\u2019esprit","robots":{"index":"index","follow":"follow","max-snippet":"max-snippet:-1","max-image-preview":"max-image-preview:large","max-video-preview":"max-video-preview:-1"},"canonical":"https:\/\/www.smt-assy.com\/fr\/a-propos\/temoignages\/","og_locale":"fr_FR","og_type":"article","og_title":"T\u00c9MOIGNAGES - SMT-ASSY","og_description":"T\u00e9moignages SMT-ASSY est une entreprise de sous-traitance qu\u00e9b\u00e9coise avec laquelle il fait bon faire des affaires. Comme client, j\u2019ai \u00e9t\u00e9 ravi de l\u2019esprit","og_url":"https:\/\/www.smt-assy.com\/fr\/a-propos\/temoignages\/","og_site_name":"SMT-ASSY","article_modified_time":"2016-01-08T19:21:20+00:00","twitter_card":"summary_large_image","twitter_misc":{"Dur\u00e9e de lecture estim\u00e9e":"4 minutes"},"schema":{"@context":"https:\/\/schema.org","@graph":[{"@type":"WebPage","@id":"https:\/\/www.smt-assy.com\/fr\/a-propos\/temoignages\/","url":"https:\/\/www.smt-assy.com\/fr\/a-propos\/temoignages\/","name":"T\u00c9MOIGNAGES - SMT-ASSY","isPartOf":{"@id":"https:\/\/www.smt-assy.com\/#website"},"datePublished":"2015-05-07T18:05:50+00:00","dateModified":"2016-01-08T19:21:20+00:00","description":"T\u00e9moignages SMT-ASSY est une entreprise de sous-traitance qu\u00e9b\u00e9coise avec laquelle il fait bon faire des affaires. Comme client, j\u2019ai \u00e9t\u00e9 ravi de l\u2019esprit","breadcrumb":{"@id":"https:\/\/www.smt-assy.com\/fr\/a-propos\/temoignages\/#breadcrumb"},"inLanguage":"fr-FR","potentialAction":[{"@type":"ReadAction","target":["https:\/\/www.smt-assy.com\/fr\/a-propos\/temoignages\/"]}]},{"@type":"BreadcrumbList","@id":"https:\/\/www.smt-assy.com\/fr\/a-propos\/temoignages\/#breadcrumb","itemListElement":[{"@type":"ListItem","position":1,"name":"Home","item":"https:\/\/www.smt-assy.com\/fr\/"},{"@type":"ListItem","position":2,"name":"\u00c0 PROPOS","item":"https:\/\/www.smt-assy.com\/fr\/a-propos\/"},{"@type":"ListItem","position":3,"name":"T\u00c9MOIGNAGES"}]},{"@type":"WebSite","@id":"https:\/\/www.smt-assy.com\/#website","url":"https:\/\/www.smt-assy.com\/","name":"SMT-ASSY","description":"From Idea to Product","potentialAction":[{"@type":"SearchAction","target":{"@type":"EntryPoint","urlTemplate":"https:\/\/www.smt-assy.com\/?s={search_term_string}"},"query-input":{"@type":"PropertyValueSpecification","valueRequired":true,"valueName":"search_term_string"}}],"inLanguage":"fr-FR"}]}},"_links":{"self":[{"href":"https:\/\/www.smt-assy.com\/fr\/wp-json\/wp\/v2\/pages\/30","targetHints":{"allow":["GET"]}}],"collection":[{"href":"https:\/\/www.smt-assy.com\/fr\/wp-json\/wp\/v2\/pages"}],"about":[{"href":"https:\/\/www.smt-assy.com\/fr\/wp-json\/wp\/v2\/types\/page"}],"author":[{"embeddable":true,"href":"https:\/\/www.smt-assy.com\/fr\/wp-json\/wp\/v2\/users\/1"}],"replies":[{"embeddable":true,"href":"https:\/\/www.smt-assy.com\/fr\/wp-json\/wp\/v2\/comments?post=30"}],"version-history":[{"count":6,"href":"https:\/\/www.smt-assy.com\/fr\/wp-json\/wp\/v2\/pages\/30\/revisions"}],"predecessor-version":[{"id":804,"href":"https:\/\/www.smt-assy.com\/fr\/wp-json\/wp\/v2\/pages\/30\/revisions\/804"}],"up":[{"embeddable":true,"href":"https:\/\/www.smt-assy.com\/fr\/wp-json\/wp\/v2\/pages\/18"}],"wp:attachment":[{"href":"https:\/\/www.smt-assy.com\/fr\/wp-json\/wp\/v2\/media?parent=30"}],"curies":[{"name":"wp","href":"https:\/\/api.w.org\/{rel}","templated":true}]}}