{"id":356,"date":"2015-05-15T15:50:20","date_gmt":"2015-05-15T15:50:20","guid":{"rendered":"http:\/\/smt.wsihosts.com\/?page_id=356"},"modified":"2016-06-27T14:12:33","modified_gmt":"2016-06-27T18:12:33","slug":"demandez-un-appel-merci","status":"publish","type":"page","link":"https:\/\/www.smt-assy.com\/fr\/demandez-un-appel\/demandez-un-appel-merci\/","title":{"rendered":"DEMANDEZ UN APPEL MERCI"},"content":{"rendered":"<p><strong>Merci!<\/strong><\/p>\n<p>Votre message a \u00e9t\u00e9 envoy\u00e9.<\/p>\n","protected":false},"excerpt":{"rendered":"<p>Merci! Votre message a \u00e9t\u00e9 envoy\u00e9.<\/p>\n","protected":false},"author":1,"featured_media":0,"parent":79,"menu_order":0,"comment_status":"closed","ping_status":"closed","template":"","meta":{"footnotes":""},"class_list":["post-356","page","type-page","status-publish","hentry"],"yoast_head":"<!-- This site is optimized with the Yoast SEO plugin v27.3 - https:\/\/yoast.com\/product\/yoast-seo-wordpress\/ -->\n<title>DEMANDEZ UN APPEL MERCI - SMT-ASSY<\/title>\n<meta name=\"description\" content=\"Merci!  Votre message a \u00e9t\u00e9 envoy\u00e9.\" \/>\n<meta name=\"robots\" content=\"index, follow, max-snippet:-1, max-image-preview:large, max-video-preview:-1\" \/>\n<link rel=\"canonical\" href=\"https:\/\/www.smt-assy.com\/fr\/demandez-un-appel\/demandez-un-appel-merci\/\" \/>\n<meta property=\"og:locale\" content=\"fr_FR\" \/>\n<meta property=\"og:type\" content=\"article\" \/>\n<meta property=\"og:title\" content=\"DEMANDEZ UN APPEL MERCI - SMT-ASSY\" \/>\n<meta property=\"og:description\" content=\"Merci!  Votre message a \u00e9t\u00e9 envoy\u00e9.\" \/>\n<meta property=\"og:url\" content=\"https:\/\/www.smt-assy.com\/fr\/demandez-un-appel\/demandez-un-appel-merci\/\" \/>\n<meta property=\"og:site_name\" content=\"SMT-ASSY\" \/>\n<meta property=\"article:modified_time\" content=\"2016-06-27T18:12:33+00:00\" \/>\n<meta name=\"twitter:card\" content=\"summary_large_image\" \/>\n<script type=\"application\/ld+json\" class=\"yoast-schema-graph\">{\"@context\":\"https:\\\/\\\/schema.org\",\"@graph\":[{\"@type\":\"WebPage\",\"@id\":\"https:\\\/\\\/www.smt-assy.com\\\/fr\\\/demandez-un-appel\\\/demandez-un-appel-merci\\\/\",\"url\":\"https:\\\/\\\/www.smt-assy.com\\\/fr\\\/demandez-un-appel\\\/demandez-un-appel-merci\\\/\",\"name\":\"DEMANDEZ UN APPEL MERCI - SMT-ASSY\",\"isPartOf\":{\"@id\":\"https:\\\/\\\/www.smt-assy.com\\\/#website\"},\"datePublished\":\"2015-05-15T15:50:20+00:00\",\"dateModified\":\"2016-06-27T18:12:33+00:00\",\"description\":\"Merci! Votre message a \u00e9t\u00e9 envoy\u00e9.\",\"breadcrumb\":{\"@id\":\"https:\\\/\\\/www.smt-assy.com\\\/fr\\\/demandez-un-appel\\\/demandez-un-appel-merci\\\/#breadcrumb\"},\"inLanguage\":\"fr-FR\",\"potentialAction\":[{\"@type\":\"ReadAction\",\"target\":[\"https:\\\/\\\/www.smt-assy.com\\\/fr\\\/demandez-un-appel\\\/demandez-un-appel-merci\\\/\"]}]},{\"@type\":\"BreadcrumbList\",\"@id\":\"https:\\\/\\\/www.smt-assy.com\\\/fr\\\/demandez-un-appel\\\/demandez-un-appel-merci\\\/#breadcrumb\",\"itemListElement\":[{\"@type\":\"ListItem\",\"position\":1,\"name\":\"Home\",\"item\":\"https:\\\/\\\/www.smt-assy.com\\\/fr\\\/\"},{\"@type\":\"ListItem\",\"position\":2,\"name\":\"DEMANDEZ UN APPEL\",\"item\":\"https:\\\/\\\/www.smt-assy.com\\\/fr\\\/demandez-un-appel\\\/\"},{\"@type\":\"ListItem\",\"position\":3,\"name\":\"DEMANDEZ UN APPEL MERCI\"}]},{\"@type\":\"WebSite\",\"@id\":\"https:\\\/\\\/www.smt-assy.com\\\/#website\",\"url\":\"https:\\\/\\\/www.smt-assy.com\\\/\",\"name\":\"SMT-ASSY\",\"description\":\"From Idea to Product\",\"potentialAction\":[{\"@type\":\"SearchAction\",\"target\":{\"@type\":\"EntryPoint\",\"urlTemplate\":\"https:\\\/\\\/www.smt-assy.com\\\/?s={search_term_string}\"},\"query-input\":{\"@type\":\"PropertyValueSpecification\",\"valueRequired\":true,\"valueName\":\"search_term_string\"}}],\"inLanguage\":\"fr-FR\"}]}<\/script>\n<!-- \/ Yoast SEO plugin. -->","yoast_head_json":{"title":"DEMANDEZ UN APPEL MERCI - SMT-ASSY","description":"Merci!  Votre message a \u00e9t\u00e9 envoy\u00e9.","robots":{"index":"index","follow":"follow","max-snippet":"max-snippet:-1","max-image-preview":"max-image-preview:large","max-video-preview":"max-video-preview:-1"},"canonical":"https:\/\/www.smt-assy.com\/fr\/demandez-un-appel\/demandez-un-appel-merci\/","og_locale":"fr_FR","og_type":"article","og_title":"DEMANDEZ UN APPEL MERCI - SMT-ASSY","og_description":"Merci!  Votre message a \u00e9t\u00e9 envoy\u00e9.","og_url":"https:\/\/www.smt-assy.com\/fr\/demandez-un-appel\/demandez-un-appel-merci\/","og_site_name":"SMT-ASSY","article_modified_time":"2016-06-27T18:12:33+00:00","twitter_card":"summary_large_image","schema":{"@context":"https:\/\/schema.org","@graph":[{"@type":"WebPage","@id":"https:\/\/www.smt-assy.com\/fr\/demandez-un-appel\/demandez-un-appel-merci\/","url":"https:\/\/www.smt-assy.com\/fr\/demandez-un-appel\/demandez-un-appel-merci\/","name":"DEMANDEZ UN APPEL MERCI - SMT-ASSY","isPartOf":{"@id":"https:\/\/www.smt-assy.com\/#website"},"datePublished":"2015-05-15T15:50:20+00:00","dateModified":"2016-06-27T18:12:33+00:00","description":"Merci! Votre message a \u00e9t\u00e9 envoy\u00e9.","breadcrumb":{"@id":"https:\/\/www.smt-assy.com\/fr\/demandez-un-appel\/demandez-un-appel-merci\/#breadcrumb"},"inLanguage":"fr-FR","potentialAction":[{"@type":"ReadAction","target":["https:\/\/www.smt-assy.com\/fr\/demandez-un-appel\/demandez-un-appel-merci\/"]}]},{"@type":"BreadcrumbList","@id":"https:\/\/www.smt-assy.com\/fr\/demandez-un-appel\/demandez-un-appel-merci\/#breadcrumb","itemListElement":[{"@type":"ListItem","position":1,"name":"Home","item":"https:\/\/www.smt-assy.com\/fr\/"},{"@type":"ListItem","position":2,"name":"DEMANDEZ UN APPEL","item":"https:\/\/www.smt-assy.com\/fr\/demandez-un-appel\/"},{"@type":"ListItem","position":3,"name":"DEMANDEZ UN APPEL MERCI"}]},{"@type":"WebSite","@id":"https:\/\/www.smt-assy.com\/#website","url":"https:\/\/www.smt-assy.com\/","name":"SMT-ASSY","description":"From Idea to Product","potentialAction":[{"@type":"SearchAction","target":{"@type":"EntryPoint","urlTemplate":"https:\/\/www.smt-assy.com\/?s={search_term_string}"},"query-input":{"@type":"PropertyValueSpecification","valueRequired":true,"valueName":"search_term_string"}}],"inLanguage":"fr-FR"}]}},"_links":{"self":[{"href":"https:\/\/www.smt-assy.com\/fr\/wp-json\/wp\/v2\/pages\/356","targetHints":{"allow":["GET"]}}],"collection":[{"href":"https:\/\/www.smt-assy.com\/fr\/wp-json\/wp\/v2\/pages"}],"about":[{"href":"https:\/\/www.smt-assy.com\/fr\/wp-json\/wp\/v2\/types\/page"}],"author":[{"embeddable":true,"href":"https:\/\/www.smt-assy.com\/fr\/wp-json\/wp\/v2\/users\/1"}],"replies":[{"embeddable":true,"href":"https:\/\/www.smt-assy.com\/fr\/wp-json\/wp\/v2\/comments?post=356"}],"version-history":[{"count":2,"href":"https:\/\/www.smt-assy.com\/fr\/wp-json\/wp\/v2\/pages\/356\/revisions"}],"predecessor-version":[{"id":1111,"href":"https:\/\/www.smt-assy.com\/fr\/wp-json\/wp\/v2\/pages\/356\/revisions\/1111"}],"up":[{"embeddable":true,"href":"https:\/\/www.smt-assy.com\/fr\/wp-json\/wp\/v2\/pages\/79"}],"wp:attachment":[{"href":"https:\/\/www.smt-assy.com\/fr\/wp-json\/wp\/v2\/media?parent=356"}],"curies":[{"name":"wp","href":"https:\/\/api.w.org\/{rel}","templated":true}]}}