{"id":75,"date":"2015-05-07T18:17:02","date_gmt":"2015-05-07T18:17:02","guid":{"rendered":"http:\/\/smt.wsihosts.com\/?page_id=75"},"modified":"2016-01-08T19:21:21","modified_gmt":"2016-01-08T19:21:21","slug":"contactez-nous","status":"publish","type":"page","link":"https:\/\/www.smt-assy.com\/fr\/contactez-nous\/","title":{"rendered":"JOINDRE"},"content":{"rendered":"<div class='content-column one_half'><h1>Joindre<\/h1>\n<p>SMT ASSY \u00c9lectroniques Inc.<br \/>\n125, boul Hymus<br \/>\nPointe-Claire (Qu\u00e9bec)<br \/>\nH9R 1E6<\/p>\n<p>T\u00e9l. : (514) 428-8898<br \/>\nT\u00e9l\u00e9c. : (514) 428-8894<\/p>\n<p>Courriel:<script type=\"text\/javascript\" language=\"Javascript\">\/\/ <![CDATA[\nsneaky(\"com\", \"smt-assy\", \"bestquote\"); \n\/\/ ]]><\/script><\/p>\n<h2>Formulaire de demande d\u2019informations<\/h2>\n<p>SMT-ASSY se fera un plaisir de r\u00e9pondre \u00e0 vos questions et commentaires. Veuillez remplir le formulaire ci-dessous pour nous permettre de mieux vous servir.<br \/><\/div><div class='content-column one_half last_column'><div style=\"float: right; padding-right: 10px;\"><iframe loading=\"lazy\" style=\"border: 0;\" src=\"https:\/\/www.google.com\/maps\/embed?pb=!1m18!1m12!1m3!1d2798.2249091044164!2d-73.8098352!3d45.4652731!2m3!1f0!2f0!3f0!3m2!1i1024!2i768!4f13.1!3m3!1m2!1s0x4cc93c5c8dc492e5%3A0x36fb1ee2afb08ab9!2s125+Boul+Hymus%2C+Pointe-Claire%2C+QC+H9R!5e0!3m2!1sen!2sca!4v1431710900293\" width=\"360\" height=\"360\" frameborder=\"0\"><\/iframe><\/div><\/div><div class='clear_column'><\/div>\n<div style=\"margin-top: -10px;\"><script src=\"http:\/\/form.jotformpro.com\/jsform\/51344652639964\" type=\"text\/javascript\"><\/script><\/div>\n","protected":false},"excerpt":{"rendered":"Joindre SMT ASSY \u00c9lectroniques Inc. 125, boul Hymus Pointe-Claire (Qu\u00e9bec) H9R 1E6 T\u00e9l. : (514) 428-8898 T\u00e9l\u00e9c. : (514) 428-8894 Courriel: Formulaire de demande d\u2019informations SMT-ASSY se fera un plaisir de r\u00e9pondre \u00e0 vos questions et commentaires. Veuillez remplir le&hellip;","protected":false},"author":1,"featured_media":0,"parent":0,"menu_order":0,"comment_status":"closed","ping_status":"closed","template":"","meta":{"footnotes":""},"class_list":["post-75","page","type-page","status-publish","hentry"],"yoast_head":"<!-- This site is optimized with the Yoast SEO plugin v26.8 - https:\/\/yoast.com\/product\/yoast-seo-wordpress\/ -->\n<title>JOINDRE - SMT-ASSY<\/title>\n<meta name=\"robots\" content=\"index, follow, max-snippet:-1, max-image-preview:large, max-video-preview:-1\" \/>\n<link rel=\"canonical\" href=\"https:\/\/www.smt-assy.com\/fr\/contactez-nous\/\" \/>\n<meta property=\"og:locale\" content=\"fr_FR\" \/>\n<meta property=\"og:type\" content=\"article\" \/>\n<meta property=\"og:title\" content=\"JOINDRE - SMT-ASSY\" \/>\n<meta property=\"og:url\" content=\"https:\/\/www.smt-assy.com\/fr\/contactez-nous\/\" \/>\n<meta property=\"og:site_name\" content=\"SMT-ASSY\" \/>\n<meta property=\"article:modified_time\" content=\"2016-01-08T19:21:21+00:00\" \/>\n<meta name=\"twitter:card\" content=\"summary_large_image\" \/>\n<script type=\"application\/ld+json\" class=\"yoast-schema-graph\">{\"@context\":\"https:\/\/schema.org\",\"@graph\":[{\"@type\":\"WebPage\",\"@id\":\"https:\/\/www.smt-assy.com\/fr\/contactez-nous\/\",\"url\":\"https:\/\/www.smt-assy.com\/fr\/contactez-nous\/\",\"name\":\"JOINDRE - SMT-ASSY\",\"isPartOf\":{\"@id\":\"https:\/\/www.smt-assy.com\/#website\"},\"datePublished\":\"2015-05-07T18:17:02+00:00\",\"dateModified\":\"2016-01-08T19:21:21+00:00\",\"breadcrumb\":{\"@id\":\"https:\/\/www.smt-assy.com\/fr\/contactez-nous\/#breadcrumb\"},\"inLanguage\":\"fr-FR\",\"potentialAction\":[{\"@type\":\"ReadAction\",\"target\":[\"https:\/\/www.smt-assy.com\/fr\/contactez-nous\/\"]}]},{\"@type\":\"BreadcrumbList\",\"@id\":\"https:\/\/www.smt-assy.com\/fr\/contactez-nous\/#breadcrumb\",\"itemListElement\":[{\"@type\":\"ListItem\",\"position\":1,\"name\":\"Home\",\"item\":\"https:\/\/www.smt-assy.com\/fr\/\"},{\"@type\":\"ListItem\",\"position\":2,\"name\":\"JOINDRE\"}]},{\"@type\":\"WebSite\",\"@id\":\"https:\/\/www.smt-assy.com\/#website\",\"url\":\"https:\/\/www.smt-assy.com\/\",\"name\":\"SMT-ASSY\",\"description\":\"From Idea to Product\",\"potentialAction\":[{\"@type\":\"SearchAction\",\"target\":{\"@type\":\"EntryPoint\",\"urlTemplate\":\"https:\/\/www.smt-assy.com\/?s={search_term_string}\"},\"query-input\":{\"@type\":\"PropertyValueSpecification\",\"valueRequired\":true,\"valueName\":\"search_term_string\"}}],\"inLanguage\":\"fr-FR\"}]}<\/script>\n<!-- \/ Yoast SEO plugin. -->","yoast_head_json":{"title":"JOINDRE - SMT-ASSY","robots":{"index":"index","follow":"follow","max-snippet":"max-snippet:-1","max-image-preview":"max-image-preview:large","max-video-preview":"max-video-preview:-1"},"canonical":"https:\/\/www.smt-assy.com\/fr\/contactez-nous\/","og_locale":"fr_FR","og_type":"article","og_title":"JOINDRE - SMT-ASSY","og_url":"https:\/\/www.smt-assy.com\/fr\/contactez-nous\/","og_site_name":"SMT-ASSY","article_modified_time":"2016-01-08T19:21:21+00:00","twitter_card":"summary_large_image","schema":{"@context":"https:\/\/schema.org","@graph":[{"@type":"WebPage","@id":"https:\/\/www.smt-assy.com\/fr\/contactez-nous\/","url":"https:\/\/www.smt-assy.com\/fr\/contactez-nous\/","name":"JOINDRE - SMT-ASSY","isPartOf":{"@id":"https:\/\/www.smt-assy.com\/#website"},"datePublished":"2015-05-07T18:17:02+00:00","dateModified":"2016-01-08T19:21:21+00:00","breadcrumb":{"@id":"https:\/\/www.smt-assy.com\/fr\/contactez-nous\/#breadcrumb"},"inLanguage":"fr-FR","potentialAction":[{"@type":"ReadAction","target":["https:\/\/www.smt-assy.com\/fr\/contactez-nous\/"]}]},{"@type":"BreadcrumbList","@id":"https:\/\/www.smt-assy.com\/fr\/contactez-nous\/#breadcrumb","itemListElement":[{"@type":"ListItem","position":1,"name":"Home","item":"https:\/\/www.smt-assy.com\/fr\/"},{"@type":"ListItem","position":2,"name":"JOINDRE"}]},{"@type":"WebSite","@id":"https:\/\/www.smt-assy.com\/#website","url":"https:\/\/www.smt-assy.com\/","name":"SMT-ASSY","description":"From Idea to Product","potentialAction":[{"@type":"SearchAction","target":{"@type":"EntryPoint","urlTemplate":"https:\/\/www.smt-assy.com\/?s={search_term_string}"},"query-input":{"@type":"PropertyValueSpecification","valueRequired":true,"valueName":"search_term_string"}}],"inLanguage":"fr-FR"}]}},"_links":{"self":[{"href":"https:\/\/www.smt-assy.com\/fr\/wp-json\/wp\/v2\/pages\/75","targetHints":{"allow":["GET"]}}],"collection":[{"href":"https:\/\/www.smt-assy.com\/fr\/wp-json\/wp\/v2\/pages"}],"about":[{"href":"https:\/\/www.smt-assy.com\/fr\/wp-json\/wp\/v2\/types\/page"}],"author":[{"embeddable":true,"href":"https:\/\/www.smt-assy.com\/fr\/wp-json\/wp\/v2\/users\/1"}],"replies":[{"embeddable":true,"href":"https:\/\/www.smt-assy.com\/fr\/wp-json\/wp\/v2\/comments?post=75"}],"version-history":[{"count":22,"href":"https:\/\/www.smt-assy.com\/fr\/wp-json\/wp\/v2\/pages\/75\/revisions"}],"predecessor-version":[{"id":830,"href":"https:\/\/www.smt-assy.com\/fr\/wp-json\/wp\/v2\/pages\/75\/revisions\/830"}],"wp:attachment":[{"href":"https:\/\/www.smt-assy.com\/fr\/wp-json\/wp\/v2\/media?parent=75"}],"curies":[{"name":"wp","href":"https:\/\/api.w.org\/{rel}","templated":true}]}}